{"id":139,"date":"2026-01-15T20:29:51","date_gmt":"2026-01-15T20:29:51","guid":{"rendered":"https:\/\/www.your-love-room.fr\/?page_id=139"},"modified":"2026-02-08T18:42:58","modified_gmt":"2026-02-08T18:42:58","slug":"menus","status":"publish","type":"page","link":"https:\/\/www.your-love-room.fr\/index.php\/menus\/","title":{"rendered":"Menus"},"content":{"rendered":"\n<h2 class=\"wp-block-heading\"><strong>Repas en salle ou servit en chambre<\/strong><\/h2>\n\n\n<div class=\"wp-block-image\">\n<figure class=\"aligncenter size-full\"><img loading=\"lazy\" decoding=\"async\" width=\"498\" height=\"601\" src=\"https:\/\/www.your-love-room.fr\/wp-content\/uploads\/2026\/01\/IMG_20250107_185036.jpg\" alt=\"\" class=\"wp-image-126\" srcset=\"https:\/\/www.your-love-room.fr\/wp-content\/uploads\/2026\/01\/IMG_20250107_185036.jpg 498w, https:\/\/www.your-love-room.fr\/wp-content\/uploads\/2026\/01\/IMG_20250107_185036-249x300.jpg 249w\" sizes=\"auto, (max-width: 498px) 100vw, 498px\" \/><\/figure>\n<\/div>\n\n\n<p><strong>Le Menu doit \u00eatre identique pour vous deux<\/strong><\/p>\n\n\n\n<p><strong>Entr\u00e9es :<\/strong><br>P\u00eache au thon sur lit de saumon<br>ou Assiette de charcuterie royale<br>ou Cassolettes aux noix de Saint-Jacques<br>ou Cab\u00e9cou au miel avec sa salade<br><strong>Plats :<\/strong><br>Saumon en papillote sauce beurre citronn\u00e9 accompagn\u00e9 de son riz citronn\u00e9<br>ou Demi magret de canard sauce au vin accompagn\u00e9 de pur\u00e9e et legumes<br>ou Hambuger maison accompagn\u00e9 de frites et salade<br>ou confit de canard avec Pommes de Terre Sarladaises et salade<br><strong>Desserts :<\/strong><br>Moelleux au chocolat et sa cr\u00e8me anglaise<br>Tarte aux pommes<br>Coupe de glace 3 boules avec sa chantilly<br>Assiette de fromages<\/p>\n\n\n\n<p><br><strong>Tarif 30 \u20ac \/personne<\/strong> (hors boissons une carte sera \u00e0 votre disposition)<\/p>\n\n\n<div class=\"wp-block-image\">\n<figure class=\"aligncenter size-large is-resized\"><img loading=\"lazy\" decoding=\"async\" width=\"1024\" height=\"848\" src=\"https:\/\/www.your-love-room.fr\/wp-content\/uploads\/2026\/02\/20260208_182753-1024x848.jpg\" alt=\"\" class=\"wp-image-203\" style=\"width:531px;height:auto\" srcset=\"https:\/\/www.your-love-room.fr\/wp-content\/uploads\/2026\/02\/20260208_182753-1024x848.jpg 1024w, https:\/\/www.your-love-room.fr\/wp-content\/uploads\/2026\/02\/20260208_182753-300x248.jpg 300w, https:\/\/www.your-love-room.fr\/wp-content\/uploads\/2026\/02\/20260208_182753-768x636.jpg 768w, https:\/\/www.your-love-room.fr\/wp-content\/uploads\/2026\/02\/20260208_182753-1536x1272.jpg 1536w, https:\/\/www.your-love-room.fr\/wp-content\/uploads\/2026\/02\/20260208_182753-2048x1696.jpg 2048w\" sizes=\"auto, (max-width: 1024px) 100vw, 1024px\" \/><\/figure>\n<\/div>","protected":false},"excerpt":{"rendered":"<p>Repas en salle ou servit en chambre Le Menu doit \u00eatre identique pour vous deux Entr\u00e9es :P\u00eache au thon sur lit de saumonou Assiette de charcuterie royaleou Cassolettes aux noix de Saint-Jacquesou Cab\u00e9cou au miel avec sa saladePlats :Saumon en papillote sauce beurre citronn\u00e9 accompagn\u00e9 de son riz citronn\u00e9ou Demi magret de canard sauce au [&hellip;]<\/p>\n","protected":false},"author":2,"featured_media":0,"parent":0,"menu_order":0,"comment_status":"closed","ping_status":"closed","template":"","meta":{"footnotes":""},"class_list":["post-139","page","type-page","status-publish","hentry"],"yoast_head":"<!-- This site is optimized with the Yoast SEO plugin v26.9 - https:\/\/yoast.com\/product\/yoast-seo-wordpress\/ -->\n<title>Menus - Au grey de vos envies<\/title>\n<meta name=\"robots\" content=\"index, follow, max-snippet:-1, max-image-preview:large, max-video-preview:-1\" \/>\n<link rel=\"canonical\" href=\"https:\/\/www.your-love-room.fr\/index.php\/menus\/\" \/>\n<meta property=\"og:locale\" content=\"fr_FR\" \/>\n<meta property=\"og:type\" content=\"article\" \/>\n<meta property=\"og:title\" content=\"Menus - Au grey de vos envies\" \/>\n<meta property=\"og:description\" content=\"Repas en salle ou servit en chambre Le Menu doit \u00eatre identique pour vous deux Entr\u00e9es :P\u00eache au thon sur lit de saumonou Assiette de charcuterie royaleou Cassolettes aux noix de Saint-Jacquesou Cab\u00e9cou au miel avec sa saladePlats :Saumon en papillote sauce beurre citronn\u00e9 accompagn\u00e9 de son riz citronn\u00e9ou Demi magret de canard sauce au [&hellip;]\" \/>\n<meta property=\"og:url\" content=\"https:\/\/www.your-love-room.fr\/index.php\/menus\/\" \/>\n<meta property=\"og:site_name\" content=\"Au grey de vos envies\" \/>\n<meta property=\"article:modified_time\" content=\"2026-02-08T18:42:58+00:00\" \/>\n<meta property=\"og:image\" content=\"https:\/\/www.your-love-room.fr\/wp-content\/uploads\/2026\/01\/IMG_20250107_185036.jpg\" \/>\n\t<meta property=\"og:image:width\" content=\"498\" \/>\n\t<meta property=\"og:image:height\" content=\"601\" \/>\n\t<meta property=\"og:image:type\" content=\"image\/jpeg\" \/>\n<meta name=\"twitter:card\" content=\"summary_large_image\" \/>\n<meta name=\"twitter:label1\" content=\"Dur\u00e9e de lecture estim\u00e9e\" \/>\n\t<meta name=\"twitter:data1\" content=\"2 minutes\" \/>\n<script type=\"application\/ld+json\" class=\"yoast-schema-graph\">{\"@context\":\"https:\/\/schema.org\",\"@graph\":[{\"@type\":\"WebPage\",\"@id\":\"https:\/\/www.your-love-room.fr\/index.php\/menus\/\",\"url\":\"https:\/\/www.your-love-room.fr\/index.php\/menus\/\",\"name\":\"Menus - Au grey de vos envies\",\"isPartOf\":{\"@id\":\"https:\/\/www.your-love-room.fr\/#website\"},\"primaryImageOfPage\":{\"@id\":\"https:\/\/www.your-love-room.fr\/index.php\/menus\/#primaryimage\"},\"image\":{\"@id\":\"https:\/\/www.your-love-room.fr\/index.php\/menus\/#primaryimage\"},\"thumbnailUrl\":\"https:\/\/www.your-love-room.fr\/wp-content\/uploads\/2026\/01\/IMG_20250107_185036.jpg\",\"datePublished\":\"2026-01-15T20:29:51+00:00\",\"dateModified\":\"2026-02-08T18:42:58+00:00\",\"breadcrumb\":{\"@id\":\"https:\/\/www.your-love-room.fr\/index.php\/menus\/#breadcrumb\"},\"inLanguage\":\"fr-FR\",\"potentialAction\":[{\"@type\":\"ReadAction\",\"target\":[\"https:\/\/www.your-love-room.fr\/index.php\/menus\/\"]}]},{\"@type\":\"ImageObject\",\"inLanguage\":\"fr-FR\",\"@id\":\"https:\/\/www.your-love-room.fr\/index.php\/menus\/#primaryimage\",\"url\":\"https:\/\/www.your-love-room.fr\/wp-content\/uploads\/2026\/01\/IMG_20250107_185036.jpg\",\"contentUrl\":\"https:\/\/www.your-love-room.fr\/wp-content\/uploads\/2026\/01\/IMG_20250107_185036.jpg\",\"width\":498,\"height\":601},{\"@type\":\"BreadcrumbList\",\"@id\":\"https:\/\/www.your-love-room.fr\/index.php\/menus\/#breadcrumb\",\"itemListElement\":[{\"@type\":\"ListItem\",\"position\":1,\"name\":\"Accueil\",\"item\":\"https:\/\/www.your-love-room.fr\/\"},{\"@type\":\"ListItem\",\"position\":2,\"name\":\"Menus\"}]},{\"@type\":\"WebSite\",\"@id\":\"https:\/\/www.your-love-room.fr\/#website\",\"url\":\"https:\/\/www.your-love-room.fr\/\",\"name\":\"Au grey de vos envies\",\"description\":\"Votre Love Room en toute discr\u00e9tion\",\"potentialAction\":[{\"@type\":\"SearchAction\",\"target\":{\"@type\":\"EntryPoint\",\"urlTemplate\":\"https:\/\/www.your-love-room.fr\/?s={search_term_string}\"},\"query-input\":{\"@type\":\"PropertyValueSpecification\",\"valueRequired\":true,\"valueName\":\"search_term_string\"}}],\"inLanguage\":\"fr-FR\"}]}<\/script>\n<!-- \/ Yoast SEO plugin. -->","yoast_head_json":{"title":"Menus - Au grey de vos envies","robots":{"index":"index","follow":"follow","max-snippet":"max-snippet:-1","max-image-preview":"max-image-preview:large","max-video-preview":"max-video-preview:-1"},"canonical":"https:\/\/www.your-love-room.fr\/index.php\/menus\/","og_locale":"fr_FR","og_type":"article","og_title":"Menus - Au grey de vos envies","og_description":"Repas en salle ou servit en chambre Le Menu doit \u00eatre identique pour vous deux Entr\u00e9es :P\u00eache au thon sur lit de saumonou Assiette de charcuterie royaleou Cassolettes aux noix de Saint-Jacquesou Cab\u00e9cou au miel avec sa saladePlats :Saumon en papillote sauce beurre citronn\u00e9 accompagn\u00e9 de son riz citronn\u00e9ou Demi magret de canard sauce au [&hellip;]","og_url":"https:\/\/www.your-love-room.fr\/index.php\/menus\/","og_site_name":"Au grey de vos envies","article_modified_time":"2026-02-08T18:42:58+00:00","og_image":[{"width":498,"height":601,"url":"https:\/\/www.your-love-room.fr\/wp-content\/uploads\/2026\/01\/IMG_20250107_185036.jpg","type":"image\/jpeg"}],"twitter_card":"summary_large_image","twitter_misc":{"Dur\u00e9e de lecture estim\u00e9e":"2 minutes"},"schema":{"@context":"https:\/\/schema.org","@graph":[{"@type":"WebPage","@id":"https:\/\/www.your-love-room.fr\/index.php\/menus\/","url":"https:\/\/www.your-love-room.fr\/index.php\/menus\/","name":"Menus - Au grey de vos envies","isPartOf":{"@id":"https:\/\/www.your-love-room.fr\/#website"},"primaryImageOfPage":{"@id":"https:\/\/www.your-love-room.fr\/index.php\/menus\/#primaryimage"},"image":{"@id":"https:\/\/www.your-love-room.fr\/index.php\/menus\/#primaryimage"},"thumbnailUrl":"https:\/\/www.your-love-room.fr\/wp-content\/uploads\/2026\/01\/IMG_20250107_185036.jpg","datePublished":"2026-01-15T20:29:51+00:00","dateModified":"2026-02-08T18:42:58+00:00","breadcrumb":{"@id":"https:\/\/www.your-love-room.fr\/index.php\/menus\/#breadcrumb"},"inLanguage":"fr-FR","potentialAction":[{"@type":"ReadAction","target":["https:\/\/www.your-love-room.fr\/index.php\/menus\/"]}]},{"@type":"ImageObject","inLanguage":"fr-FR","@id":"https:\/\/www.your-love-room.fr\/index.php\/menus\/#primaryimage","url":"https:\/\/www.your-love-room.fr\/wp-content\/uploads\/2026\/01\/IMG_20250107_185036.jpg","contentUrl":"https:\/\/www.your-love-room.fr\/wp-content\/uploads\/2026\/01\/IMG_20250107_185036.jpg","width":498,"height":601},{"@type":"BreadcrumbList","@id":"https:\/\/www.your-love-room.fr\/index.php\/menus\/#breadcrumb","itemListElement":[{"@type":"ListItem","position":1,"name":"Accueil","item":"https:\/\/www.your-love-room.fr\/"},{"@type":"ListItem","position":2,"name":"Menus"}]},{"@type":"WebSite","@id":"https:\/\/www.your-love-room.fr\/#website","url":"https:\/\/www.your-love-room.fr\/","name":"Au grey de vos envies","description":"Votre Love Room en toute discr\u00e9tion","potentialAction":[{"@type":"SearchAction","target":{"@type":"EntryPoint","urlTemplate":"https:\/\/www.your-love-room.fr\/?s={search_term_string}"},"query-input":{"@type":"PropertyValueSpecification","valueRequired":true,"valueName":"search_term_string"}}],"inLanguage":"fr-FR"}]}},"_links":{"self":[{"href":"https:\/\/www.your-love-room.fr\/index.php\/wp-json\/wp\/v2\/pages\/139","targetHints":{"allow":["GET"]}}],"collection":[{"href":"https:\/\/www.your-love-room.fr\/index.php\/wp-json\/wp\/v2\/pages"}],"about":[{"href":"https:\/\/www.your-love-room.fr\/index.php\/wp-json\/wp\/v2\/types\/page"}],"author":[{"embeddable":true,"href":"https:\/\/www.your-love-room.fr\/index.php\/wp-json\/wp\/v2\/users\/2"}],"replies":[{"embeddable":true,"href":"https:\/\/www.your-love-room.fr\/index.php\/wp-json\/wp\/v2\/comments?post=139"}],"version-history":[{"count":3,"href":"https:\/\/www.your-love-room.fr\/index.php\/wp-json\/wp\/v2\/pages\/139\/revisions"}],"predecessor-version":[{"id":204,"href":"https:\/\/www.your-love-room.fr\/index.php\/wp-json\/wp\/v2\/pages\/139\/revisions\/204"}],"wp:attachment":[{"href":"https:\/\/www.your-love-room.fr\/index.php\/wp-json\/wp\/v2\/media?parent=139"}],"curies":[{"name":"wp","href":"https:\/\/api.w.org\/{rel}","templated":true}]}}