{"id":27,"date":"2025-12-10T20:10:42","date_gmt":"2025-12-10T20:10:42","guid":{"rendered":"https:\/\/www.your-love-room.fr\/?page_id=27"},"modified":"2026-02-08T18:41:07","modified_gmt":"2026-02-08T18:41:07","slug":"la-chambre","status":"publish","type":"page","link":"https:\/\/www.your-love-room.fr\/index.php\/la-chambre\/","title":{"rendered":"La Chambre"},"content":{"rendered":"\n<p><strong><u>Love room au \u00ab\u00a0Grey\u00a0\u00bb de vos envies&nbsp;:<\/u><\/strong><\/p>\n\n\n\n<p>Arriv\u00e9e \u00e0 partir de 17h00 (et jusque 20h00) et d\u00e9part le lendemain maximum 11h00 <\/p>\n\n\n\n<p>Entrez dans un univers o\u00f9 le raffinement rencontre la passion\u2026<br>Notre love room <em>\u00c9l\u00e9gance &amp; Myst\u00e8re<\/em> s\u2019inspire de l\u2019ambiance envo\u00fbtante de <em>50 nuances de Grey<\/em> pour vous offrir une exp\u00e9rience intime, immersive et inoubliable.<br>Jeux de lumi\u00e8res tamis\u00e9es, mati\u00e8res nobles, couleurs profondes cr\u00e9ent un cadre id\u00e9al pour un moment \u00e0 deux hors du temps.<br>Chaque d\u00e9tail a \u00e9t\u00e9 pens\u00e9 pour \u00e9veiller les sens, lib\u00e9rer les \u00e9motions et inviter \u00e0 la complicit\u00e9.<\/p>\n\n\n\n<div class=\"wp-block-columns is-layout-flex wp-container-core-columns-is-layout-9d6595d7 wp-block-columns-is-layout-flex\">\n<div class=\"wp-block-column is-layout-flow wp-block-column-is-layout-flow\">\n<figure class=\"wp-block-image size-full\"><img loading=\"lazy\" decoding=\"async\" width=\"2560\" height=\"1154\" src=\"https:\/\/www.your-love-room.fr\/wp-content\/uploads\/2026\/01\/20260123_181408-scaled.jpg\" alt=\"\" class=\"wp-image-159\" srcset=\"https:\/\/www.your-love-room.fr\/wp-content\/uploads\/2026\/01\/20260123_181408-scaled.jpg 2560w, https:\/\/www.your-love-room.fr\/wp-content\/uploads\/2026\/01\/20260123_181408-300x135.jpg 300w, https:\/\/www.your-love-room.fr\/wp-content\/uploads\/2026\/01\/20260123_181408-1024x462.jpg 1024w, https:\/\/www.your-love-room.fr\/wp-content\/uploads\/2026\/01\/20260123_181408-768x346.jpg 768w, https:\/\/www.your-love-room.fr\/wp-content\/uploads\/2026\/01\/20260123_181408-1536x692.jpg 1536w, https:\/\/www.your-love-room.fr\/wp-content\/uploads\/2026\/01\/20260123_181408-2048x923.jpg 2048w\" sizes=\"auto, (max-width: 2560px) 100vw, 2560px\" \/><\/figure>\n<\/div>\n\n\n\n<div class=\"wp-block-column is-layout-flow wp-block-column-is-layout-flow\">\n<figure class=\"wp-block-image size-full\"><img loading=\"lazy\" decoding=\"async\" width=\"2560\" height=\"1154\" src=\"https:\/\/www.your-love-room.fr\/wp-content\/uploads\/2025\/12\/20251212_172213-scaled.jpg\" alt=\"\" class=\"wp-image-100\"\/><\/figure>\n<\/div>\n<\/div>\n\n\n\n<div class=\"wp-block-columns is-layout-flex wp-container-core-columns-is-layout-9d6595d7 wp-block-columns-is-layout-flex\">\n<div class=\"wp-block-column is-layout-flow wp-block-column-is-layout-flow\">\n<figure class=\"wp-block-image size-full is-resized\"><img loading=\"lazy\" decoding=\"async\" width=\"1154\" height=\"2560\" src=\"https:\/\/www.your-love-room.fr\/wp-content\/uploads\/2025\/12\/20251212_172133-scaled.jpg\" alt=\"\" class=\"wp-image-101\" style=\"aspect-ratio:0.45078826919816917;width:352px;height:auto\"\/><\/figure>\n<\/div>\n\n\n\n<div class=\"wp-block-column is-layout-flow wp-block-column-is-layout-flow\">\n<figure class=\"wp-block-image size-full is-resized\"><img loading=\"lazy\" decoding=\"async\" width=\"1154\" height=\"2560\" src=\"https:\/\/www.your-love-room.fr\/wp-content\/uploads\/2026\/01\/20260123_180031-scaled.jpg\" alt=\"\" class=\"wp-image-160\" style=\"aspect-ratio:0.45078826919816917;width:351px;height:auto\" srcset=\"https:\/\/www.your-love-room.fr\/wp-content\/uploads\/2026\/01\/20260123_180031-scaled.jpg 1154w, https:\/\/www.your-love-room.fr\/wp-content\/uploads\/2026\/01\/20260123_180031-135x300.jpg 135w, https:\/\/www.your-love-room.fr\/wp-content\/uploads\/2026\/01\/20260123_180031-462x1024.jpg 462w, https:\/\/www.your-love-room.fr\/wp-content\/uploads\/2026\/01\/20260123_180031-768x1704.jpg 768w, https:\/\/www.your-love-room.fr\/wp-content\/uploads\/2026\/01\/20260123_180031-692x1536.jpg 692w, https:\/\/www.your-love-room.fr\/wp-content\/uploads\/2026\/01\/20260123_180031-923x2048.jpg 923w\" sizes=\"auto, (max-width: 1154px) 100vw, 1154px\" \/><\/figure>\n<\/div>\n<\/div>\n\n\n\n<p>La suite inclut :<\/p>\n\n\n\n<ul class=\"wp-block-list\">\n<li>un <strong>lit king-size<\/strong> au confort exceptionnel,<\/li>\n\n\n\n<li>une douche pous se d\u00e9tendre,<\/li>\n\n\n\n<li>des <strong>ambiances lumineuses personnalisables<\/strong>,<\/li>\n\n\n\n<li>des \u00e9quipements d\u00e9di\u00e9s au bien-\u00eatre et au l\u00e2cher-prise,<\/li>\n\n\n\n<li>ainsi que de d\u00e9licates attentions pour sublimer votre s\u00e9jour<\/li>\n\n\n\n<li>Spa semi rigide <strong>en ext\u00e9rieur<\/strong> acc\u00e8s jusque 22h00<\/li>\n\n\n\n<li>Sauna <strong>en ext\u00e9rieur<\/strong> acc\u00e8s jusque 22h00<\/li>\n<\/ul>\n\n\n\n<p>Que vous souhaitiez c\u00e9l\u00e9brer une occasion sp\u00e9ciale, raviver la flamme ou simplement vous offrir une parenth\u00e8se sensuelle, notre love room vous garantit une exp\u00e9rience unique, \u00e9l\u00e9gante et empreinte de myst\u00e8re.<\/p>\n\n\n\n<p>Laissez-vous s\u00e9duire\u2026  Votre escapade commence ici.<br><\/p>\n\n\n\n<figure class=\"wp-block-table\"><table class=\"has-fixed-layout\"><tbody><tr><td><em><strong>Inclus dans le tarif nuit\u00e9e<\/strong><\/em><\/td><td><strong>A disposition<\/strong><\/td><td><strong>Nos Options<\/strong><\/td><\/tr><tr><td>Peignoirs<\/td><td>Table de massage<\/td><td>Petit d\u00e9jeun\u00e9 en chambre + 10 \u20ac<\/td><\/tr><tr><td>Serviettes<\/td><td>Croix de saint andr\u00e9<\/td><td><a href=\"https:\/\/www.your-love-room.fr\/index.php\/les-massages\/\">Massage<\/a><\/td><\/tr><tr><td>Spa semi rigide en ext\u00e9rieur<br>acc\u00e8s jusque 22h<\/td><td>Accessoires jeux adultes<\/td><td><a href=\"https:\/\/www.your-love-room.fr\/index.php\/menus\/\">Repas et Boissons<\/a><\/td><\/tr><tr><td>Le petit d\u00e9jeuner<\/td><td>Micro ondes, vaisselle, cafetiere<\/td><td><a href=\"https:\/\/www.your-love-room.fr\/index.php\/atelier\/\">Atelier initiation au BDSM soft<\/a><\/td><\/tr><tr><td>Piscine en saison en ext\u00e9rieur<\/td><td>S\u00e8che cheveux<\/td><td><a href=\"https:\/\/www.your-love-room.fr\/index.php\/surprise\/\">Sc\u00e9nario\/Surprise<\/a><\/td><\/tr><tr><td>Sauna en ext\u00e9rieur<br>acc\u00e8s jusque 22h<\/td><td>Chaise en forme de chaussure<\/td><td><\/td><\/tr><\/tbody><\/table><\/figure>\n\n\n\n<div class=\"wp-block-columns is-layout-flex wp-container-core-columns-is-layout-9d6595d7 wp-block-columns-is-layout-flex\">\n<div class=\"wp-block-column is-layout-flow wp-block-column-is-layout-flow\">\n<figure class=\"wp-block-image size-full\"><img loading=\"lazy\" decoding=\"async\" width=\"2560\" height=\"1550\" src=\"https:\/\/www.your-love-room.fr\/wp-content\/uploads\/2025\/12\/20250621_221130-scaled.jpg\" alt=\"\" class=\"wp-image-121\"\/><\/figure>\n<\/div>\n\n\n\n<div class=\"wp-block-column is-layout-flow wp-block-column-is-layout-flow\">\n<figure class=\"wp-block-image size-full is-resized\"><img loading=\"lazy\" decoding=\"async\" width=\"2560\" height=\"1876\" src=\"https:\/\/www.your-love-room.fr\/wp-content\/uploads\/2025\/12\/20230520_232640-scaled.jpg\" alt=\"\" class=\"wp-image-122\" style=\"aspect-ratio:1.364672072257005;width:343px;height:auto\"\/><\/figure>\n<\/div>\n<\/div>\n\n\n\n<div class=\"wp-block-columns is-layout-flex wp-container-core-columns-is-layout-9d6595d7 wp-block-columns-is-layout-flex\">\n<div class=\"wp-block-column is-layout-flow wp-block-column-is-layout-flow\">\n<figure class=\"wp-block-image size-large is-resized\"><img loading=\"lazy\" decoding=\"async\" width=\"462\" height=\"1024\" src=\"https:\/\/www.your-love-room.fr\/wp-content\/uploads\/2026\/02\/20260208_182800-462x1024.jpg\" alt=\"\" class=\"wp-image-198\" style=\"aspect-ratio:0.45117833692461695;width:365px;height:auto\" srcset=\"https:\/\/www.your-love-room.fr\/wp-content\/uploads\/2026\/02\/20260208_182800-462x1024.jpg 462w, https:\/\/www.your-love-room.fr\/wp-content\/uploads\/2026\/02\/20260208_182800-135x300.jpg 135w, https:\/\/www.your-love-room.fr\/wp-content\/uploads\/2026\/02\/20260208_182800-768x1704.jpg 768w, https:\/\/www.your-love-room.fr\/wp-content\/uploads\/2026\/02\/20260208_182800-692x1536.jpg 692w, https:\/\/www.your-love-room.fr\/wp-content\/uploads\/2026\/02\/20260208_182800-923x2048.jpg 923w, https:\/\/www.your-love-room.fr\/wp-content\/uploads\/2026\/02\/20260208_182800-scaled.jpg 1154w\" sizes=\"auto, (max-width: 462px) 100vw, 462px\" \/><\/figure>\n<\/div>\n\n\n\n<div class=\"wp-block-column is-layout-flow wp-block-column-is-layout-flow\">\n<figure class=\"wp-block-image size-large is-resized\"><img loading=\"lazy\" decoding=\"async\" width=\"462\" height=\"1024\" src=\"https:\/\/www.your-love-room.fr\/wp-content\/uploads\/2026\/02\/20260208_182003-462x1024.jpg\" alt=\"\" class=\"wp-image-199\" style=\"aspect-ratio:0.45117833692461695;width:365px;height:auto\" srcset=\"https:\/\/www.your-love-room.fr\/wp-content\/uploads\/2026\/02\/20260208_182003-462x1024.jpg 462w, https:\/\/www.your-love-room.fr\/wp-content\/uploads\/2026\/02\/20260208_182003-135x300.jpg 135w, https:\/\/www.your-love-room.fr\/wp-content\/uploads\/2026\/02\/20260208_182003-768x1704.jpg 768w, https:\/\/www.your-love-room.fr\/wp-content\/uploads\/2026\/02\/20260208_182003-692x1536.jpg 692w, https:\/\/www.your-love-room.fr\/wp-content\/uploads\/2026\/02\/20260208_182003-923x2048.jpg 923w, https:\/\/www.your-love-room.fr\/wp-content\/uploads\/2026\/02\/20260208_182003-scaled.jpg 1154w\" sizes=\"auto, (max-width: 462px) 100vw, 462px\" \/><\/figure>\n<\/div>\n<\/div>\n\n\n\n<div class=\"wp-block-columns is-layout-flex wp-container-core-columns-is-layout-9d6595d7 wp-block-columns-is-layout-flex\">\n<div class=\"wp-block-column is-layout-flow wp-block-column-is-layout-flow\">\n<figure class=\"wp-block-image size-large is-resized\"><img loading=\"lazy\" decoding=\"async\" width=\"1024\" height=\"764\" src=\"https:\/\/www.your-love-room.fr\/wp-content\/uploads\/2026\/02\/20260208_181521-1024x764.jpg\" alt=\"\" class=\"wp-image-200\" style=\"aspect-ratio:1.3403225806451613;width:348px;height:auto\" srcset=\"https:\/\/www.your-love-room.fr\/wp-content\/uploads\/2026\/02\/20260208_181521-1024x764.jpg 1024w, https:\/\/www.your-love-room.fr\/wp-content\/uploads\/2026\/02\/20260208_181521-300x224.jpg 300w, https:\/\/www.your-love-room.fr\/wp-content\/uploads\/2026\/02\/20260208_181521-768x573.jpg 768w, https:\/\/www.your-love-room.fr\/wp-content\/uploads\/2026\/02\/20260208_181521-1536x1146.jpg 1536w, https:\/\/www.your-love-room.fr\/wp-content\/uploads\/2026\/02\/20260208_181521-2048x1529.jpg 2048w\" sizes=\"auto, (max-width: 1024px) 100vw, 1024px\" \/><\/figure>\n<\/div>\n\n\n\n<div class=\"wp-block-column is-layout-flow wp-block-column-is-layout-flow\"><div class=\"wp-block-image\">\n<figure class=\"alignleft size-large is-resized\"><img loading=\"lazy\" decoding=\"async\" width=\"1024\" height=\"788\" src=\"https:\/\/www.your-love-room.fr\/wp-content\/uploads\/2026\/02\/spa-1024x788.jpg\" alt=\"\" class=\"wp-image-201\" style=\"aspect-ratio:1.2995161999706788;width:346px;height:auto\" srcset=\"https:\/\/www.your-love-room.fr\/wp-content\/uploads\/2026\/02\/spa-1024x788.jpg 1024w, https:\/\/www.your-love-room.fr\/wp-content\/uploads\/2026\/02\/spa-300x231.jpg 300w, https:\/\/www.your-love-room.fr\/wp-content\/uploads\/2026\/02\/spa-768x591.jpg 768w, https:\/\/www.your-love-room.fr\/wp-content\/uploads\/2026\/02\/spa.jpg 1508w\" sizes=\"auto, (max-width: 1024px) 100vw, 1024px\" \/><\/figure>\n<\/div><\/div>\n<\/div>\n\n\n\n<p><\/p>\n","protected":false},"excerpt":{"rendered":"<p>Love room au \u00ab\u00a0Grey\u00a0\u00bb de vos envies&nbsp;: Arriv\u00e9e \u00e0 partir de 17h00 (et jusque 20h00) et d\u00e9part le lendemain maximum 11h00 Entrez dans un univers o\u00f9 le raffinement rencontre la passion\u2026Notre love room \u00c9l\u00e9gance &amp; Myst\u00e8re s\u2019inspire de l\u2019ambiance envo\u00fbtante de 50 nuances de Grey pour vous offrir une exp\u00e9rience intime, immersive et inoubliable.Jeux de [&hellip;]<\/p>\n","protected":false},"author":2,"featured_media":0,"parent":0,"menu_order":0,"comment_status":"closed","ping_status":"closed","template":"","meta":{"footnotes":""},"class_list":["post-27","page","type-page","status-publish","hentry"],"yoast_head":"<!-- This site is optimized with the Yoast SEO plugin v26.9 - https:\/\/yoast.com\/product\/yoast-seo-wordpress\/ -->\n<title>La Chambre - Au grey de vos envies<\/title>\n<meta name=\"robots\" content=\"index, follow, max-snippet:-1, max-image-preview:large, max-video-preview:-1\" \/>\n<link rel=\"canonical\" href=\"https:\/\/www.your-love-room.fr\/index.php\/la-chambre\/\" \/>\n<meta property=\"og:locale\" content=\"fr_FR\" \/>\n<meta property=\"og:type\" content=\"article\" \/>\n<meta property=\"og:title\" content=\"La Chambre - Au grey de vos envies\" \/>\n<meta property=\"og:description\" content=\"Love room au \u00ab\u00a0Grey\u00a0\u00bb de vos envies&nbsp;: Arriv\u00e9e \u00e0 partir de 17h00 (et jusque 20h00) et d\u00e9part le lendemain maximum 11h00 Entrez dans un univers o\u00f9 le raffinement rencontre la passion\u2026Notre love room \u00c9l\u00e9gance &amp; Myst\u00e8re s\u2019inspire de l\u2019ambiance envo\u00fbtante de 50 nuances de Grey pour vous offrir une exp\u00e9rience intime, immersive et inoubliable.Jeux de [&hellip;]\" \/>\n<meta property=\"og:url\" content=\"https:\/\/www.your-love-room.fr\/index.php\/la-chambre\/\" \/>\n<meta property=\"og:site_name\" content=\"Au grey de vos envies\" \/>\n<meta property=\"article:modified_time\" content=\"2026-02-08T18:41:07+00:00\" \/>\n<meta property=\"og:image\" content=\"https:\/\/www.your-love-room.fr\/wp-content\/uploads\/2026\/01\/20260123_181408-scaled.jpg\" \/>\n\t<meta property=\"og:image:width\" content=\"2560\" \/>\n\t<meta property=\"og:image:height\" content=\"1154\" \/>\n\t<meta property=\"og:image:type\" content=\"image\/jpeg\" \/>\n<meta name=\"twitter:card\" content=\"summary_large_image\" \/>\n<meta name=\"twitter:label1\" content=\"Dur\u00e9e de lecture estim\u00e9e\" \/>\n\t<meta name=\"twitter:data1\" content=\"4 minutes\" \/>\n<script type=\"application\/ld+json\" class=\"yoast-schema-graph\">{\"@context\":\"https:\/\/schema.org\",\"@graph\":[{\"@type\":\"WebPage\",\"@id\":\"https:\/\/www.your-love-room.fr\/index.php\/la-chambre\/\",\"url\":\"https:\/\/www.your-love-room.fr\/index.php\/la-chambre\/\",\"name\":\"La Chambre - Au grey de vos envies\",\"isPartOf\":{\"@id\":\"https:\/\/www.your-love-room.fr\/#website\"},\"primaryImageOfPage\":{\"@id\":\"https:\/\/www.your-love-room.fr\/index.php\/la-chambre\/#primaryimage\"},\"image\":{\"@id\":\"https:\/\/www.your-love-room.fr\/index.php\/la-chambre\/#primaryimage\"},\"thumbnailUrl\":\"https:\/\/www.your-love-room.fr\/wp-content\/uploads\/2026\/01\/20260123_181408-scaled.jpg\",\"datePublished\":\"2025-12-10T20:10:42+00:00\",\"dateModified\":\"2026-02-08T18:41:07+00:00\",\"breadcrumb\":{\"@id\":\"https:\/\/www.your-love-room.fr\/index.php\/la-chambre\/#breadcrumb\"},\"inLanguage\":\"fr-FR\",\"potentialAction\":[{\"@type\":\"ReadAction\",\"target\":[\"https:\/\/www.your-love-room.fr\/index.php\/la-chambre\/\"]}]},{\"@type\":\"ImageObject\",\"inLanguage\":\"fr-FR\",\"@id\":\"https:\/\/www.your-love-room.fr\/index.php\/la-chambre\/#primaryimage\",\"url\":\"https:\/\/www.your-love-room.fr\/wp-content\/uploads\/2026\/01\/20260123_181408-scaled.jpg\",\"contentUrl\":\"https:\/\/www.your-love-room.fr\/wp-content\/uploads\/2026\/01\/20260123_181408-scaled.jpg\",\"width\":2560,\"height\":1154},{\"@type\":\"BreadcrumbList\",\"@id\":\"https:\/\/www.your-love-room.fr\/index.php\/la-chambre\/#breadcrumb\",\"itemListElement\":[{\"@type\":\"ListItem\",\"position\":1,\"name\":\"Accueil\",\"item\":\"https:\/\/www.your-love-room.fr\/\"},{\"@type\":\"ListItem\",\"position\":2,\"name\":\"La Chambre\"}]},{\"@type\":\"WebSite\",\"@id\":\"https:\/\/www.your-love-room.fr\/#website\",\"url\":\"https:\/\/www.your-love-room.fr\/\",\"name\":\"Au grey de vos envies\",\"description\":\"Votre Love Room en toute discr\u00e9tion\",\"potentialAction\":[{\"@type\":\"SearchAction\",\"target\":{\"@type\":\"EntryPoint\",\"urlTemplate\":\"https:\/\/www.your-love-room.fr\/?s={search_term_string}\"},\"query-input\":{\"@type\":\"PropertyValueSpecification\",\"valueRequired\":true,\"valueName\":\"search_term_string\"}}],\"inLanguage\":\"fr-FR\"}]}<\/script>\n<!-- \/ Yoast SEO plugin. -->","yoast_head_json":{"title":"La Chambre - Au grey de vos envies","robots":{"index":"index","follow":"follow","max-snippet":"max-snippet:-1","max-image-preview":"max-image-preview:large","max-video-preview":"max-video-preview:-1"},"canonical":"https:\/\/www.your-love-room.fr\/index.php\/la-chambre\/","og_locale":"fr_FR","og_type":"article","og_title":"La Chambre - Au grey de vos envies","og_description":"Love room au \u00ab\u00a0Grey\u00a0\u00bb de vos envies&nbsp;: Arriv\u00e9e \u00e0 partir de 17h00 (et jusque 20h00) et d\u00e9part le lendemain maximum 11h00 Entrez dans un univers o\u00f9 le raffinement rencontre la passion\u2026Notre love room \u00c9l\u00e9gance &amp; Myst\u00e8re s\u2019inspire de l\u2019ambiance envo\u00fbtante de 50 nuances de Grey pour vous offrir une exp\u00e9rience intime, immersive et inoubliable.Jeux de [&hellip;]","og_url":"https:\/\/www.your-love-room.fr\/index.php\/la-chambre\/","og_site_name":"Au grey de vos envies","article_modified_time":"2026-02-08T18:41:07+00:00","og_image":[{"width":2560,"height":1154,"url":"https:\/\/www.your-love-room.fr\/wp-content\/uploads\/2026\/01\/20260123_181408-scaled.jpg","type":"image\/jpeg"}],"twitter_card":"summary_large_image","twitter_misc":{"Dur\u00e9e de lecture estim\u00e9e":"4 minutes"},"schema":{"@context":"https:\/\/schema.org","@graph":[{"@type":"WebPage","@id":"https:\/\/www.your-love-room.fr\/index.php\/la-chambre\/","url":"https:\/\/www.your-love-room.fr\/index.php\/la-chambre\/","name":"La Chambre - Au grey de vos envies","isPartOf":{"@id":"https:\/\/www.your-love-room.fr\/#website"},"primaryImageOfPage":{"@id":"https:\/\/www.your-love-room.fr\/index.php\/la-chambre\/#primaryimage"},"image":{"@id":"https:\/\/www.your-love-room.fr\/index.php\/la-chambre\/#primaryimage"},"thumbnailUrl":"https:\/\/www.your-love-room.fr\/wp-content\/uploads\/2026\/01\/20260123_181408-scaled.jpg","datePublished":"2025-12-10T20:10:42+00:00","dateModified":"2026-02-08T18:41:07+00:00","breadcrumb":{"@id":"https:\/\/www.your-love-room.fr\/index.php\/la-chambre\/#breadcrumb"},"inLanguage":"fr-FR","potentialAction":[{"@type":"ReadAction","target":["https:\/\/www.your-love-room.fr\/index.php\/la-chambre\/"]}]},{"@type":"ImageObject","inLanguage":"fr-FR","@id":"https:\/\/www.your-love-room.fr\/index.php\/la-chambre\/#primaryimage","url":"https:\/\/www.your-love-room.fr\/wp-content\/uploads\/2026\/01\/20260123_181408-scaled.jpg","contentUrl":"https:\/\/www.your-love-room.fr\/wp-content\/uploads\/2026\/01\/20260123_181408-scaled.jpg","width":2560,"height":1154},{"@type":"BreadcrumbList","@id":"https:\/\/www.your-love-room.fr\/index.php\/la-chambre\/#breadcrumb","itemListElement":[{"@type":"ListItem","position":1,"name":"Accueil","item":"https:\/\/www.your-love-room.fr\/"},{"@type":"ListItem","position":2,"name":"La Chambre"}]},{"@type":"WebSite","@id":"https:\/\/www.your-love-room.fr\/#website","url":"https:\/\/www.your-love-room.fr\/","name":"Au grey de vos envies","description":"Votre Love Room en toute discr\u00e9tion","potentialAction":[{"@type":"SearchAction","target":{"@type":"EntryPoint","urlTemplate":"https:\/\/www.your-love-room.fr\/?s={search_term_string}"},"query-input":{"@type":"PropertyValueSpecification","valueRequired":true,"valueName":"search_term_string"}}],"inLanguage":"fr-FR"}]}},"_links":{"self":[{"href":"https:\/\/www.your-love-room.fr\/index.php\/wp-json\/wp\/v2\/pages\/27","targetHints":{"allow":["GET"]}}],"collection":[{"href":"https:\/\/www.your-love-room.fr\/index.php\/wp-json\/wp\/v2\/pages"}],"about":[{"href":"https:\/\/www.your-love-room.fr\/index.php\/wp-json\/wp\/v2\/types\/page"}],"author":[{"embeddable":true,"href":"https:\/\/www.your-love-room.fr\/index.php\/wp-json\/wp\/v2\/users\/2"}],"replies":[{"embeddable":true,"href":"https:\/\/www.your-love-room.fr\/index.php\/wp-json\/wp\/v2\/comments?post=27"}],"version-history":[{"count":17,"href":"https:\/\/www.your-love-room.fr\/index.php\/wp-json\/wp\/v2\/pages\/27\/revisions"}],"predecessor-version":[{"id":202,"href":"https:\/\/www.your-love-room.fr\/index.php\/wp-json\/wp\/v2\/pages\/27\/revisions\/202"}],"wp:attachment":[{"href":"https:\/\/www.your-love-room.fr\/index.php\/wp-json\/wp\/v2\/media?parent=27"}],"curies":[{"name":"wp","href":"https:\/\/api.w.org\/{rel}","templated":true}]}}