{"id":85,"date":"2025-12-11T17:55:09","date_gmt":"2025-12-11T17:55:09","guid":{"rendered":"https:\/\/www.your-love-room.fr\/?page_id=85"},"modified":"2026-01-31T20:37:15","modified_gmt":"2026-01-31T20:37:15","slug":"tarifs-et-conditions","status":"publish","type":"page","link":"https:\/\/www.your-love-room.fr\/index.php\/tarifs-et-conditions\/","title":{"rendered":"Tarifs"},"content":{"rendered":"\n<p>Pour des raisons de confidentialit\u00e9 et de tranquillit\u00e9, l\u2019adresse n\u2019est communiqu\u00e9e qu\u2019apr\u00e8s validation d\u00e9finitive de votre r\u00e9servation et n\u2019est pas affich\u00e9e sur le site.<\/p>\n\n\n\n<figure class=\"wp-block-table\"><table class=\"has-fixed-layout\"><tbody><tr><td class=\"has-text-align-left\" data-align=\"left\"><strong><u>P\u00e9riodes<\/u><\/strong><\/td><td class=\"has-text-align-left\" data-align=\"left\"><strong><u>en semaine Lu Ma Me Je D<\/u><\/strong>i<\/td><td class=\"has-text-align-left\" data-align=\"left\"><strong><u>en weekend Ve Sa<\/u><\/strong><\/td><\/tr><tr><td class=\"has-text-align-left\" data-align=\"left\"><strong><u>Chambre au \u00ab\u00a0grey\u00a0\u00bb de vos envies<\/u><\/strong>. Love room<\/td><td class=\"has-text-align-left\" data-align=\"left\">99 \u20ac\/nuit pour 2 pers max<\/td><td class=\"has-text-align-left\" data-align=\"left\">120 \u20ac\/nuit pour 2 pers max<\/td><\/tr><\/tbody><\/table><\/figure>\n\n\n<div class=\"wp-block-image\">\n<figure class=\"aligncenter size-full\"><img loading=\"lazy\" decoding=\"async\" width=\"640\" height=\"476\" src=\"https:\/\/www.your-love-room.fr\/wp-content\/uploads\/2025\/12\/cuffs-4529246_640.png\" alt=\"\" class=\"wp-image-110\"\/><\/figure>\n<\/div>\n\n\n<p>Tarif major\u00e9 f\u00eates et veille de f\u00eates. En suppl\u00e9ment&nbsp;: Taxe s\u00e9jour&nbsp;: 0.88 \u20ac\/nuit\/pers<\/p>\n\n\n\n<p>Arriv\u00e9e \u00e0 partir de 17h00 et d\u00e9part le lendemain maximum 11h00<br><\/p>\n\n\n\n<figure class=\"wp-block-table\"><table class=\"has-fixed-layout\"><tbody><tr><td>Service petit d\u00e9jeun\u00e9 en chambre<\/td><td>+ 10 \u20ac<\/td><\/tr><tr><td><a href=\"https:\/\/www.your-love-room.fr\/index.php\/menus\/\">Repas (entr\u00e9e+plat+dessert)<\/a><\/td><td>+ 30 \u20ac par personne<\/td><\/tr><tr><td>Boissons<\/td><td>carte \u00e0 disposition<\/td><\/tr><tr><td><a href=\"https:\/\/www.your-love-room.fr\/index.php\/les-massages\/\">Massages<\/a><\/td><td><a href=\"https:\/\/www.your-love-room.fr\/index.php\/les-massages\/\" data-type=\"page\" data-id=\"32\">consulter notre page<\/a><\/td><\/tr><tr><td><a href=\"https:\/\/www.your-love-room.fr\/index.php\/atelier\/\">Atelier d\u2019initiation au BDSM soft<\/a><\/td><td>+ 50 \u20ac<\/td><\/tr><\/tbody><\/table><\/figure>\n","protected":false},"excerpt":{"rendered":"<p>Pour des raisons de confidentialit\u00e9 et de tranquillit\u00e9, l\u2019adresse n\u2019est communiqu\u00e9e qu\u2019apr\u00e8s validation d\u00e9finitive de votre r\u00e9servation et n\u2019est pas affich\u00e9e sur le site. P\u00e9riodes en semaine Lu Ma Me Je Di en weekend Ve Sa Chambre au \u00ab\u00a0grey\u00a0\u00bb de vos envies. Love room 99 \u20ac\/nuit pour 2 pers max 120 \u20ac\/nuit pour 2 pers [&hellip;]<\/p>\n","protected":false},"author":2,"featured_media":0,"parent":0,"menu_order":0,"comment_status":"closed","ping_status":"closed","template":"","meta":{"footnotes":""},"class_list":["post-85","page","type-page","status-publish","hentry"],"yoast_head":"<!-- This site is optimized with the Yoast SEO plugin v26.9 - https:\/\/yoast.com\/product\/yoast-seo-wordpress\/ -->\n<title>Tarifs - Au grey de vos envies<\/title>\n<meta name=\"robots\" content=\"index, follow, max-snippet:-1, max-image-preview:large, max-video-preview:-1\" \/>\n<link rel=\"canonical\" href=\"https:\/\/www.your-love-room.fr\/index.php\/tarifs-et-conditions\/\" \/>\n<meta property=\"og:locale\" content=\"fr_FR\" \/>\n<meta property=\"og:type\" content=\"article\" \/>\n<meta property=\"og:title\" content=\"Tarifs - Au grey de vos envies\" \/>\n<meta property=\"og:description\" content=\"Pour des raisons de confidentialit\u00e9 et de tranquillit\u00e9, l\u2019adresse n\u2019est communiqu\u00e9e qu\u2019apr\u00e8s validation d\u00e9finitive de votre r\u00e9servation et n\u2019est pas affich\u00e9e sur le site. P\u00e9riodes en semaine Lu Ma Me Je Di en weekend Ve Sa Chambre au \u00ab\u00a0grey\u00a0\u00bb de vos envies. Love room 99 \u20ac\/nuit pour 2 pers max 120 \u20ac\/nuit pour 2 pers [&hellip;]\" \/>\n<meta property=\"og:url\" content=\"https:\/\/www.your-love-room.fr\/index.php\/tarifs-et-conditions\/\" \/>\n<meta property=\"og:site_name\" content=\"Au grey de vos envies\" \/>\n<meta property=\"article:modified_time\" content=\"2026-01-31T20:37:15+00:00\" \/>\n<meta property=\"og:image\" content=\"https:\/\/www.your-love-room.fr\/wp-content\/uploads\/2025\/12\/cuffs-4529246_640.png\" \/>\n\t<meta property=\"og:image:width\" content=\"640\" \/>\n\t<meta property=\"og:image:height\" content=\"476\" \/>\n\t<meta property=\"og:image:type\" content=\"image\/png\" \/>\n<meta name=\"twitter:card\" content=\"summary_large_image\" \/>\n<meta name=\"twitter:label1\" content=\"Dur\u00e9e de lecture estim\u00e9e\" \/>\n\t<meta name=\"twitter:data1\" content=\"1 minute\" \/>\n<script type=\"application\/ld+json\" class=\"yoast-schema-graph\">{\"@context\":\"https:\/\/schema.org\",\"@graph\":[{\"@type\":\"WebPage\",\"@id\":\"https:\/\/www.your-love-room.fr\/index.php\/tarifs-et-conditions\/\",\"url\":\"https:\/\/www.your-love-room.fr\/index.php\/tarifs-et-conditions\/\",\"name\":\"Tarifs - Au grey de vos envies\",\"isPartOf\":{\"@id\":\"https:\/\/www.your-love-room.fr\/#website\"},\"primaryImageOfPage\":{\"@id\":\"https:\/\/www.your-love-room.fr\/index.php\/tarifs-et-conditions\/#primaryimage\"},\"image\":{\"@id\":\"https:\/\/www.your-love-room.fr\/index.php\/tarifs-et-conditions\/#primaryimage\"},\"thumbnailUrl\":\"https:\/\/www.your-love-room.fr\/wp-content\/uploads\/2025\/12\/cuffs-4529246_640.png\",\"datePublished\":\"2025-12-11T17:55:09+00:00\",\"dateModified\":\"2026-01-31T20:37:15+00:00\",\"breadcrumb\":{\"@id\":\"https:\/\/www.your-love-room.fr\/index.php\/tarifs-et-conditions\/#breadcrumb\"},\"inLanguage\":\"fr-FR\",\"potentialAction\":[{\"@type\":\"ReadAction\",\"target\":[\"https:\/\/www.your-love-room.fr\/index.php\/tarifs-et-conditions\/\"]}]},{\"@type\":\"ImageObject\",\"inLanguage\":\"fr-FR\",\"@id\":\"https:\/\/www.your-love-room.fr\/index.php\/tarifs-et-conditions\/#primaryimage\",\"url\":\"https:\/\/www.your-love-room.fr\/wp-content\/uploads\/2025\/12\/cuffs-4529246_640.png\",\"contentUrl\":\"https:\/\/www.your-love-room.fr\/wp-content\/uploads\/2025\/12\/cuffs-4529246_640.png\",\"width\":640,\"height\":476},{\"@type\":\"BreadcrumbList\",\"@id\":\"https:\/\/www.your-love-room.fr\/index.php\/tarifs-et-conditions\/#breadcrumb\",\"itemListElement\":[{\"@type\":\"ListItem\",\"position\":1,\"name\":\"Accueil\",\"item\":\"https:\/\/www.your-love-room.fr\/\"},{\"@type\":\"ListItem\",\"position\":2,\"name\":\"Tarifs\"}]},{\"@type\":\"WebSite\",\"@id\":\"https:\/\/www.your-love-room.fr\/#website\",\"url\":\"https:\/\/www.your-love-room.fr\/\",\"name\":\"Au grey de vos envies\",\"description\":\"Votre Love Room en toute discr\u00e9tion\",\"potentialAction\":[{\"@type\":\"SearchAction\",\"target\":{\"@type\":\"EntryPoint\",\"urlTemplate\":\"https:\/\/www.your-love-room.fr\/?s={search_term_string}\"},\"query-input\":{\"@type\":\"PropertyValueSpecification\",\"valueRequired\":true,\"valueName\":\"search_term_string\"}}],\"inLanguage\":\"fr-FR\"}]}<\/script>\n<!-- \/ Yoast SEO plugin. -->","yoast_head_json":{"title":"Tarifs - Au grey de vos envies","robots":{"index":"index","follow":"follow","max-snippet":"max-snippet:-1","max-image-preview":"max-image-preview:large","max-video-preview":"max-video-preview:-1"},"canonical":"https:\/\/www.your-love-room.fr\/index.php\/tarifs-et-conditions\/","og_locale":"fr_FR","og_type":"article","og_title":"Tarifs - Au grey de vos envies","og_description":"Pour des raisons de confidentialit\u00e9 et de tranquillit\u00e9, l\u2019adresse n\u2019est communiqu\u00e9e qu\u2019apr\u00e8s validation d\u00e9finitive de votre r\u00e9servation et n\u2019est pas affich\u00e9e sur le site. P\u00e9riodes en semaine Lu Ma Me Je Di en weekend Ve Sa Chambre au \u00ab\u00a0grey\u00a0\u00bb de vos envies. Love room 99 \u20ac\/nuit pour 2 pers max 120 \u20ac\/nuit pour 2 pers [&hellip;]","og_url":"https:\/\/www.your-love-room.fr\/index.php\/tarifs-et-conditions\/","og_site_name":"Au grey de vos envies","article_modified_time":"2026-01-31T20:37:15+00:00","og_image":[{"width":640,"height":476,"url":"https:\/\/www.your-love-room.fr\/wp-content\/uploads\/2025\/12\/cuffs-4529246_640.png","type":"image\/png"}],"twitter_card":"summary_large_image","twitter_misc":{"Dur\u00e9e de lecture estim\u00e9e":"1 minute"},"schema":{"@context":"https:\/\/schema.org","@graph":[{"@type":"WebPage","@id":"https:\/\/www.your-love-room.fr\/index.php\/tarifs-et-conditions\/","url":"https:\/\/www.your-love-room.fr\/index.php\/tarifs-et-conditions\/","name":"Tarifs - Au grey de vos envies","isPartOf":{"@id":"https:\/\/www.your-love-room.fr\/#website"},"primaryImageOfPage":{"@id":"https:\/\/www.your-love-room.fr\/index.php\/tarifs-et-conditions\/#primaryimage"},"image":{"@id":"https:\/\/www.your-love-room.fr\/index.php\/tarifs-et-conditions\/#primaryimage"},"thumbnailUrl":"https:\/\/www.your-love-room.fr\/wp-content\/uploads\/2025\/12\/cuffs-4529246_640.png","datePublished":"2025-12-11T17:55:09+00:00","dateModified":"2026-01-31T20:37:15+00:00","breadcrumb":{"@id":"https:\/\/www.your-love-room.fr\/index.php\/tarifs-et-conditions\/#breadcrumb"},"inLanguage":"fr-FR","potentialAction":[{"@type":"ReadAction","target":["https:\/\/www.your-love-room.fr\/index.php\/tarifs-et-conditions\/"]}]},{"@type":"ImageObject","inLanguage":"fr-FR","@id":"https:\/\/www.your-love-room.fr\/index.php\/tarifs-et-conditions\/#primaryimage","url":"https:\/\/www.your-love-room.fr\/wp-content\/uploads\/2025\/12\/cuffs-4529246_640.png","contentUrl":"https:\/\/www.your-love-room.fr\/wp-content\/uploads\/2025\/12\/cuffs-4529246_640.png","width":640,"height":476},{"@type":"BreadcrumbList","@id":"https:\/\/www.your-love-room.fr\/index.php\/tarifs-et-conditions\/#breadcrumb","itemListElement":[{"@type":"ListItem","position":1,"name":"Accueil","item":"https:\/\/www.your-love-room.fr\/"},{"@type":"ListItem","position":2,"name":"Tarifs"}]},{"@type":"WebSite","@id":"https:\/\/www.your-love-room.fr\/#website","url":"https:\/\/www.your-love-room.fr\/","name":"Au grey de vos envies","description":"Votre Love Room en toute discr\u00e9tion","potentialAction":[{"@type":"SearchAction","target":{"@type":"EntryPoint","urlTemplate":"https:\/\/www.your-love-room.fr\/?s={search_term_string}"},"query-input":{"@type":"PropertyValueSpecification","valueRequired":true,"valueName":"search_term_string"}}],"inLanguage":"fr-FR"}]}},"_links":{"self":[{"href":"https:\/\/www.your-love-room.fr\/index.php\/wp-json\/wp\/v2\/pages\/85","targetHints":{"allow":["GET"]}}],"collection":[{"href":"https:\/\/www.your-love-room.fr\/index.php\/wp-json\/wp\/v2\/pages"}],"about":[{"href":"https:\/\/www.your-love-room.fr\/index.php\/wp-json\/wp\/v2\/types\/page"}],"author":[{"embeddable":true,"href":"https:\/\/www.your-love-room.fr\/index.php\/wp-json\/wp\/v2\/users\/2"}],"replies":[{"embeddable":true,"href":"https:\/\/www.your-love-room.fr\/index.php\/wp-json\/wp\/v2\/comments?post=85"}],"version-history":[{"count":12,"href":"https:\/\/www.your-love-room.fr\/index.php\/wp-json\/wp\/v2\/pages\/85\/revisions"}],"predecessor-version":[{"id":186,"href":"https:\/\/www.your-love-room.fr\/index.php\/wp-json\/wp\/v2\/pages\/85\/revisions\/186"}],"wp:attachment":[{"href":"https:\/\/www.your-love-room.fr\/index.php\/wp-json\/wp\/v2\/media?parent=85"}],"curies":[{"name":"wp","href":"https:\/\/api.w.org\/{rel}","templated":true}]}}